{"id":17,"date":"2016-09-01T11:31:49","date_gmt":"2016-09-01T11:31:49","guid":{"rendered":"http:\/\/ibd-berater.de\/?page_id=17"},"modified":"2016-09-01T11:55:32","modified_gmt":"2016-09-01T11:55:32","slug":"kontakt","status":"publish","type":"page","link":"http:\/\/ibd-berater.de\/?page_id=17","title":{"rendered":"Kontakt"},"content":{"rendered":"<p style=\"text-align: center;\"><span style=\"color: #ffffff;\">So k\u00f6nnen Sie uns erreichen:<\/span><\/p>\n<p style=\"text-align: center;\"><span style=\"color: #ffffff;\">IBD Ingenieur-B\u00fcro-Decker, Inh. Dipl.-Ing. J\u00f6rn Paulus<\/span><\/p>\n<p style=\"text-align: center;\"><span style=\"color: #ffffff;\">Am Steinh\u00e4uschen 4<\/span><\/p>\n<p style=\"text-align: center;\"><span style=\"color: #ffffff;\">57567 Daaden<\/span><\/p>\n<p style=\"text-align: center;\"><span style=\"color: #ffffff;\">Tel.: +49 (0) 2743 \/ 9331805<\/span><\/p>\n<p style=\"text-align: center;\"><span style=\"color: #ffffff;\">Fax: +49 (0) 2743 \/ 9331807<\/span><\/p>\n<p style=\"text-align: center;\"><span style=\"color: #ffffff;\"><a style=\"color: #ffffff;\" href=\"mailto:info@ibd-berater.de\">info@ibd-berater.de<\/a><\/span><\/p>\n","protected":false},"excerpt":{"rendered":"<p>So k\u00f6nnen Sie uns erreichen: IBD Ingenieur-B\u00fcro-Decker, Inh. Dipl.-Ing. J\u00f6rn Paulus Am Steinh\u00e4uschen 4 57567 Daaden Tel.: +49 (0) 2743 \/ 9331805 Fax: +49 (0) 2743 \/ 9331807 info@ibd-berater.de<\/p>\n","protected":false},"author":2,"featured_media":0,"parent":0,"menu_order":0,"comment_status":"closed","ping_status":"closed","template":"","meta":{"footnotes":""},"class_list":["post-17","page","type-page","status-publish","hentry"],"_links":{"self":[{"href":"http:\/\/ibd-berater.de\/index.php?rest_route=\/wp\/v2\/pages\/17","targetHints":{"allow":["GET"]}}],"collection":[{"href":"http:\/\/ibd-berater.de\/index.php?rest_route=\/wp\/v2\/pages"}],"about":[{"href":"http:\/\/ibd-berater.de\/index.php?rest_route=\/wp\/v2\/types\/page"}],"author":[{"embeddable":true,"href":"http:\/\/ibd-berater.de\/index.php?rest_route=\/wp\/v2\/users\/2"}],"replies":[{"embeddable":true,"href":"http:\/\/ibd-berater.de\/index.php?rest_route=%2Fwp%2Fv2%2Fcomments&post=17"}],"version-history":[{"count":4,"href":"http:\/\/ibd-berater.de\/index.php?rest_route=\/wp\/v2\/pages\/17\/revisions"}],"predecessor-version":[{"id":28,"href":"http:\/\/ibd-berater.de\/index.php?rest_route=\/wp\/v2\/pages\/17\/revisions\/28"}],"wp:attachment":[{"href":"http:\/\/ibd-berater.de\/index.php?rest_route=%2Fwp%2Fv2%2Fmedia&parent=17"}],"curies":[{"name":"wp","href":"https:\/\/api.w.org\/{rel}","templated":true}]}}